{"id":3159,"date":"2021-02-05T11:30:37","date_gmt":"2021-02-05T10:30:37","guid":{"rendered":"https:\/\/blog.init7.net\/home-2\/"},"modified":"2024-04-24T08:19:03","modified_gmt":"2024-04-24T06:19:03","slug":"home-2","status":"publish","type":"page","link":"https:\/\/blog.init7.net\/it\/","title":{"rendered":"Home"},"content":{"rendered":"\r\n\r\n<section id=\"res-header-image-block_e9b456ddf66ccaa165be4aef76014635\" class=\"res-block res-header-image blog-header alignfull\">\r\n  <div class=\"res-header-img-outside mb-1\" data-aos=\"res-downIncoming\">\r\n\t<div class=\"res-header-height\">\r\n\t\t\r\n\t\r\n\t  <style> \r\n\t\t  @media only screen and (min-width: 970px) {\r\n\t\t\t #res-header-image-block_e9b456ddf66ccaa165be4aef76014635 .layout-1.header-img-height { height: 50vh;} \r\n\t\t\t #res-header-image-block_e9b456ddf66ccaa165be4aef76014635 .layout-1 .res-header-image-vertical-center { bottom: 0%;}\r\n\t\t\t   \r\n\t\t\t  \t\t  }\r\n\t\t  @media only screen and (max-width: 970px) {  \r\n\t\t\t#res-header-image-block_e9b456ddf66ccaa165be4aef76014635 .header-img-height { height: 70vh;}\r\n\t\t\t#res-header-image-block_e9b456ddf66ccaa165be4aef76014635 .res-header-image-vertical-center { bottom: 0%;}\r\n\t\t\t    \r\n\t\t\t   \r\n\t\t  }\r\n\t\t   \r\n\t\t\t  @media only screen and (min-width: 1280px) {\r\n\t\t\t\t#res-header-image-block_e9b456ddf66ccaa165be4aef76014635.res-header-image .layout-1 h1 {font-size: 190%; line-height: 105%;}\t\t\t\t#res-header-image-block_e9b456ddf66ccaa165be4aef76014635.res-header-image .layout-1 h2 {font-size: 180%; line-height: 105%;} \r\n\t\t\t\t#res-header-image-block_e9b456ddf66ccaa165be4aef76014635.res-header-image .layout-1 h3 {font-size: 90%; line-height: 140%;} \t\t\t  }   \r\n\t\t \t  <\/style> \r\n\t\t\r\n\t  <div class=\"layout-1 jarallax header-img-height\" data-speed=\"0.6\" style=\"background-color: #000;\">\r\n\t\t  \r\n\t\t  \r\n\t\t  \r\n\t\t\t\t<div class=\"res-header-image-vertical-center text-box\">\r\n\t\t\t\t\t<div class=\"container\">\r\n\t\t\t\t\t\t\r\n\t\t\t\t\t\t<div class=\"sloganBox \">\r\n                           <div class=\"row\">\r\n                             <div class=\"col col-md-12 text-left\" data-aos=\"res-downIncoming\">\r\n\t\t\t\t\t\t\t\t \r\n                                \t\r\n\t\t\t\t\t\t\t\t \r\n                                  \r\n\t\t\t\t\t\t\t\t \t<h2>Init7 Blog<\/h2>\r\n                                \t\t\t\t\t\t\t\t \r\n                                                                   <h3>Benvenuti nel blog su Internet!<\/h3>\r\n                                \t\r\n\t\t\t\t\t\t\t\t \r\n\t\t\t\t\t\t\t\t\t\r\n\r\n\t\t\t\t\t\t\t\t \r\n\r\n\t\t\t\t                 <\/div>\r\n\t\t\t\t\t\t\t<\/div>\r\n\t\t\t\t\t\t<\/div>\r\n\r\n\t\t\t\t\t<\/div>\r\n\t\t\t\t<\/div>\r\n\t\t  \t\t\t\t\r\n                                            <img decoding=\"async\" class=\"jarallax-img img-fluid\" src=\"https:\/\/blog.init7.net\/wp-content\/uploads\/2021\/02\/Ladezeitbild-1-1920x1080.jpg\"  style=\"opacity: 0.9;\" alt=\"\"\/>\r\n                    \t\t  \r\n\t\t\t\t\t\r\n\t\t  <\/div>\r\n\r\n\t \r\n\t\t    \r\n\t\t<\/div>\r\n\t<\/div>\r\n<\/section>\t\n\n\r\n<section id=\"res-boxes-block_2a353a6a6aeaee68469fe706c55b73b2\" class=\"res-block res-boxes layout03 py-2\" style=\"background: transparent;\">\r\n  <div class=\"inner-container container-off\" >\r\n\t  \r\n\t\r\n\t  <style>\r\n\t\t @media only screen and (min-width: 970px) {\r\n\/*\t\t  #res-boxes-block_2a353a6a6aeaee68469fe706c55b73b2.res-boxes .box-inner {margin-right: 5%;}*\/\r\n\t \t\t\t\t \r\n\t\t  }  \r\n\t  <\/style> \r\n\t  \r\n\t  <div class=\"layout-3 row row-cols-1 row-cols-md-2 no-gutters\">\t  \r\n\t\t  \r\n\t\t\t\t\t  \r\n\t\t\t<div class=\"col-md box-col mb-3 mb-md-3 \" data-aos=\"res-fadeIn\">\r\n\t\t\t\t<div class=\"box-inner h-100 flatbox\">\r\n\t\t\t\t\t\r\n\t\t\t\t\r\n\t\t\r\n\t\t\t\t<div class=\"postBox text-left h-100 \">  \r\n\t\t\t\t\t<div class=\"post-inner-box\">\r\n\t\t\t\t\t\t\t\t\t\t\t<a class=\"d-none d-sm-block\" href=\"https:\/\/blog.init7.net\/it\/leconomia-del-settore-delle-telecomunicazioni\/\" target=\"_parent\">\r\n\t\t\t\t\t\t<div class=\"postImg mb-1 ml-sm-2 overflow-hidden\">\r\n\t\t\t\t\t\t\t<img decoding=\"async\" class=\"img-fluid w-100 \" src=\"https:\/\/blog.init7.net\/wp-content\/uploads\/2026\/02\/Headliners-800x800.png\" alt=\"\" \/>\r\n\t\t\t\t\t\t<\/div>\r\n\t\t\t\t\t\t<\/a>\r\n\t\t\t\t\t\t  \t\t\t\t\t\t\t\t\t\t\r\n\t\t\t\t\t\t<div class=\"postContent w-100\">\r\n\t\t\t\t\t\t\t\r\n\t\t\t\t\t\t<div class=\"top_content\">\r\n\t\t\t\t\t\t<div class=\"the_date\">27 Febbraio 2026<\/div>\r\n\t\t\t\t\t\t<\/div>\r\n\t\t\t\t\t\t\t\t<a href=\"https:\/\/blog.init7.net\/it\/leconomia-del-settore-delle-telecomunicazioni\/\" target=\"_parent\">\r\n\t\t\t\t\t\t\t \r\n\t\t\t\t\t\t\t\t<h2 class=\"mt-1 mb-2\">L&#8217;economia del settore delle telecomunicazioni<\/h2>\r\n\t\t\t\t\t\t\t\r\n\t\t\t\t\t\t\t\r\n\t\t\t\t\t\t\t\t\t\r\n\t\t\t\t\t\t\t\r\n\t\t\t\t\t\t\t\r\n\t\t\t\t\t\t\t\t\t\t\t\t\t\t<div class=\"box-text text-auszug\">\r\n\t\t\t\t\t\t\t\t<h6><p>Per la maggior parte delle famiglie, il Wi-Fi \u00e8 il mezzo preferito per collegare i propri dispositivi a Internet. Il numero di dispositivi connessi a Internet in ogni famiglia aumenta inesorabilmente e con esso crescono anche le esigenze che ognuno di noi pone nei confronti del collegamento alla rete WLAN.<\/p>\n<\/h6>\r\n\t\t\t\t\t\t\t<\/div>\r\n\t\t\t\t\t\t\t\t\t\t\t\t\t\t\t\t<a class=\"d-block d-sm-none\" href=\"https:\/\/blog.init7.net\/it\/leconomia-del-settore-delle-telecomunicazioni\/\" target=\"_parent\">\r\n\t\t\t\t\t\t<div class=\"postImg mb-1 ml-sm-2 overflow-hidden\">\r\n\t\t\t\t\t\t\t<img decoding=\"async\" class=\"img-fluid w-100 \" src=\"https:\/\/blog.init7.net\/wp-content\/uploads\/2026\/02\/Headliners-800x800.png\" alt=\"\" \/>\r\n\t\t\t\t\t\t<\/div>\r\n\t\t\t\t\t\t<\/a>\r\n\t\t\t\t\t\t  \t\t\t\t\t\t\t\t\t\r\n\t\t\t\t\t\t\t\r\n\t\t\t\t\t\t\t\t\r\n\t\t\t\t\t\t\t\t\t\r\n\t\t\t\t\t\t\t<\/a>\r\n\t\t\t\t\t\t<\/div>\r\n\t\t\t\t\t\t<\/div>\r\n\t\t\t\t\t\t\t\t\t\t\t\t\t\t\t<a href=\"https:\/\/blog.init7.net\/it\/leconomia-del-settore-delle-telecomunicazioni\/\" class=\"btn  btn-sm btn-outline\"> leggi l&#8217;articolo<\/a>\r\n\t\t\t\t\t\t\t\t\t\r\n\r\n\t\t\t\t<\/div>\r\n\t\t\t\t\t\t\t\r\n\t\t\t\t\r\n\t\t\t\t\t\r\n\t\t\t<\/div>\t\r\n\t\t\t<\/div>\r\n\t\t \r\n\t  \r\n\t  \r\n\t\t\t\t\t\t\t  \r\n\t\t\t<div class=\"col-md box-col mb-3 mb-md-3 \" data-aos=\"res-fadeIn\">\r\n\t\t\t\t<div class=\"box-inner h-100 flatbox\">\r\n\t\t\t\t\t\r\n\t\t\t\t\r\n\t\t\r\n\t\t\t\t<div class=\"postBox text-left h-100 \">  \r\n\t\t\t\t\t<div class=\"post-inner-box\">\r\n\t\t\t\t\t\t\t\t\t\t\t<a class=\"d-none d-sm-block\" href=\"https:\/\/blog.init7.net\/it\/costruzione-della-rete-in-fibra-ottica-ftth-dal-punto-di-vista-dei-proprietari-immobiliari\/\" target=\"_parent\">\r\n\t\t\t\t\t\t<div class=\"postImg mb-1 ml-sm-2 overflow-hidden\">\r\n\t\t\t\t\t\t\t<img decoding=\"async\" class=\"img-fluid w-100 \" src=\"https:\/\/blog.init7.net\/wp-content\/uploads\/2025\/12\/OTO-NL-Dez25-800x800.png\" alt=\"\" \/>\r\n\t\t\t\t\t\t<\/div>\r\n\t\t\t\t\t\t<\/a>\r\n\t\t\t\t\t\t  \t\t\t\t\t\t\t\t\t\t\r\n\t\t\t\t\t\t<div class=\"postContent w-100\">\r\n\t\t\t\t\t\t\t\r\n\t\t\t\t\t\t<div class=\"top_content\">\r\n\t\t\t\t\t\t<div class=\"the_date\">17 Dicembre 2025<\/div>\r\n\t\t\t\t\t\t<\/div>\r\n\t\t\t\t\t\t\t\t<a href=\"https:\/\/blog.init7.net\/it\/costruzione-della-rete-in-fibra-ottica-ftth-dal-punto-di-vista-dei-proprietari-immobiliari\/\" target=\"_parent\">\r\n\t\t\t\t\t\t\t \r\n\t\t\t\t\t\t\t\t<h2 class=\"mt-1 mb-2\">Costruzione della rete in fibra ottica FTTH dal punto di vista dei proprietari immobiliari<\/h2>\r\n\t\t\t\t\t\t\t\r\n\t\t\t\t\t\t\t\r\n\t\t\t\t\t\t\t\t\t\r\n\t\t\t\t\t\t\t\r\n\t\t\t\t\t\t\t\r\n\t\t\t\t\t\t\t\t\t\t\t\t\t\t<div class=\"box-text text-auszug\">\r\n\t\t\t\t\t\t\t\t<h6><p>Da oltre 15 anni ormai, in Svizzera gli edifici residenziali e commerciali vengono dotati di fibra ottica FTTH e, dopo lo scetticismo iniziale di alcuni proprietari, si \u00e8 ormai affermata la convinzione generale che la FTTH non sia un optional per gli inquilini, ma una necessit\u00e0. Un immobile dotato di FTTH ha semplicemente pi\u00f9 valore di uno che ne \u00e8 sprovvisto.<\/p>\n<\/h6>\r\n\t\t\t\t\t\t\t<\/div>\r\n\t\t\t\t\t\t\t\t\t\t\t\t\t\t\t\t<a class=\"d-block d-sm-none\" href=\"https:\/\/blog.init7.net\/it\/costruzione-della-rete-in-fibra-ottica-ftth-dal-punto-di-vista-dei-proprietari-immobiliari\/\" target=\"_parent\">\r\n\t\t\t\t\t\t<div class=\"postImg mb-1 ml-sm-2 overflow-hidden\">\r\n\t\t\t\t\t\t\t<img decoding=\"async\" class=\"img-fluid w-100 \" src=\"https:\/\/blog.init7.net\/wp-content\/uploads\/2025\/12\/OTO-NL-Dez25-800x800.png\" alt=\"\" \/>\r\n\t\t\t\t\t\t<\/div>\r\n\t\t\t\t\t\t<\/a>\r\n\t\t\t\t\t\t  \t\t\t\t\t\t\t\t\t\r\n\t\t\t\t\t\t\t\r\n\t\t\t\t\t\t\t\t\r\n\t\t\t\t\t\t\t\t\t\r\n\t\t\t\t\t\t\t<\/a>\r\n\t\t\t\t\t\t<\/div>\r\n\t\t\t\t\t\t<\/div>\r\n\t\t\t\t\t\t\t\t\t\t\t\t\t\t\t<a href=\"https:\/\/blog.init7.net\/it\/costruzione-della-rete-in-fibra-ottica-ftth-dal-punto-di-vista-dei-proprietari-immobiliari\/\" class=\"btn  btn-sm btn-outline\"> leggi l&#8217;articolo<\/a>\r\n\t\t\t\t\t\t\t\t\t\r\n\r\n\t\t\t\t<\/div>\r\n\t\t\t\t\t\t\t\r\n\t\t\t\t\r\n\t\t\t\t\t\r\n\t\t\t<\/div>\t\r\n\t\t\t<\/div>\r\n\t\t \r\n\t  \r\n\t  \r\n\t\t\t\t\t\t  \r\n <\/div>\r\n\t\t  \r\n\t  \r\n\t  \r\n\t \r\n\r\n\r\n\t<\/div>\r\n<\/section>\r\n\r\n\n\n\r\n<section id=\"res-boxes-block_f30e86d2d9b2fb9f6644400743e9a5bd\" class=\"res-block res-boxes layout02 p-no\" style=\"background: transparent;\">\r\n  <div class=\"inner-container container-off\" >\r\n\t  \r\n\t\r\n\t  <style>\r\n\t\t @media only screen and (min-width: 970px) {\r\n\/*\t\t  #res-boxes-block_f30e86d2d9b2fb9f6644400743e9a5bd.res-boxes .box-inner {margin-right: 10%;}*\/\r\n\t \t\t\t\t \r\n\t\t  }  \r\n\t  <\/style> \r\n\t  \r\n\t  <div class=\"layout-2 row row-cols-1 row-cols-md-2 row-cols-lg-4 no-gutters\">\t  \r\n\t\t  \r\n\t\t\t\t\t  \r\n\t\t\t<div class=\"col-md box-col mb-3  mb-md-3 \" data-aos=\"res-fadeIn\">\r\n\t\t\t\t<div class=\"box-inner h-100 flatbox\">\r\n\t\t\t\t\t\r\n\t\t\t\t\r\n\t\t\r\n\t\t\t\t<div class=\"postBox text-left h-100 \">  \r\n\t\t\t\t\t\r\n\t\t\t\t\t\t\t\t\t\t\t<a href=\"https:\/\/blog.init7.net\/it\/geoip-come-internet-rileva-la-tua-posizione\/\" target=\"_parent\">\r\n\t\t\t\t\t\t<div class=\"postImg mb-1 overflow-hidden\">\r\n\t\t\t\t\t\t\t<img decoding=\"async\" class=\"img-fluid w-100 \" src=\"https:\/\/blog.init7.net\/wp-content\/uploads\/2025\/09\/National-Map-Zurich-1959-DE-1000x550.jpg\" alt=\"\" \/>\r\n\t\t\t\t\t\t<\/div>\r\n\t\t\t\t\t<\/a>\r\n\t\t\t\t\t\t  \t\t\t\t\t\t\t\t\t\t\r\n\t\t\t\t\t\t<div class=\"postContent w-100 pt-1 pt-md-1\">\r\n\t\t\t\t\t\t\t\t\t\t\t\t\t<div class=\"top_content\">\r\n\t\t\t\t\t\t\t<div class=\"the_date\">25 Settembre 2025<\/div>\r\n\t\t\t\t\t\t<\/div>\r\n\t\t\t\t\t\t\t<a href=\"https:\/\/blog.init7.net\/it\/geoip-come-internet-rileva-la-tua-posizione\/\" target=\"_parent\">\r\n\t\t\t\t\t\t\t\r\n\t\t\t\t\t\t\t\t\t\t\t\t\t\t\t<h3 class=\"mt-1 mb-2\">GeoIP: come Internet rileva la tua posizione<\/h3>\r\n\t\t\t\t\t\t\t\r\n\t\t\t\t\t\t\t\t\t\r\n\t\t\t\t\t\t\t\r\n\t\t\t\t\t\t\t\r\n\t\t\t\t\t\t\t\t\t\t\t\t\t\t<div class=\"box-text text-auszug\">\r\n\t\t\t\t\t\t\t\t<h6><p>\u00c8 risaputo che esistono innumerevoli applicazioni in grado di analizzare e visualizzare la posizione degli utenti sulla base dei dati GPS, basti pensare a Google Maps, ai sistemi di navigazione per veicoli, alle app per l\u2019escursionismo come Swisstopo o ancora alle app per il trasporto pubblico come FAIRTIQ o EasyRide, che garantiscono la corretta fatturazione dei biglietti.<\/p>\n<\/h6>\r\n\t\t\t\t\t\t\t<\/div>\r\n\t\t\t\t\t\t\t\t\t\t\t\t\t\t\r\n\t\t\t\t\t\t\t\t\r\n\t\t\t\t\t\t\t\r\n\t\t\t\t\t\t\t\t\t\t\t\r\n\t\t\t\t\t\t\t<\/a>\r\n\t\t\t\t\t\t<\/div>\r\n\r\n\t\t\t\t<\/div>\r\n\t\t\t\t\t\t\t\r\n\t\t\t\t\r\n\t\t\t\t\t\r\n\t\t\t<\/div>\t\r\n\t\t\t<\/div>\r\n\t  \r\n\t  \r\n\t\t\t\t\t\t\t  \r\n\t\t\t<div class=\"col-md box-col mb-3  mb-md-3 \" data-aos=\"res-fadeIn\">\r\n\t\t\t\t<div class=\"box-inner h-100 flatbox\">\r\n\t\t\t\t\t\r\n\t\t\t\t\r\n\t\t\r\n\t\t\t\t<div class=\"postBox text-left h-100 \">  \r\n\t\t\t\t\t\r\n\t\t\t\t\t\t\t\t\t\t\t<a href=\"https:\/\/blog.init7.net\/it\/il-sistema-alla-base-delloto-id\/\" target=\"_parent\">\r\n\t\t\t\t\t\t<div class=\"postImg mb-1 overflow-hidden\">\r\n\t\t\t\t\t\t\t<img decoding=\"async\" class=\"img-fluid w-100 \" src=\"https:\/\/blog.init7.net\/wp-content\/uploads\/2024\/03\/Blog_Oto-Dose_Init7-1000x550.jpg\" alt=\"OTO socket\" \/>\r\n\t\t\t\t\t\t<\/div>\r\n\t\t\t\t\t<\/a>\r\n\t\t\t\t\t\t  \t\t\t\t\t\t\t\t\t\t\r\n\t\t\t\t\t\t<div class=\"postContent w-100 pt-1 pt-md-1\">\r\n\t\t\t\t\t\t\t\t\t\t\t\t\t<div class=\"top_content\">\r\n\t\t\t\t\t\t\t<div class=\"the_date\">15 Agosto 2025<\/div>\r\n\t\t\t\t\t\t<\/div>\r\n\t\t\t\t\t\t\t<a href=\"https:\/\/blog.init7.net\/it\/il-sistema-alla-base-delloto-id\/\" target=\"_parent\">\r\n\t\t\t\t\t\t\t\r\n\t\t\t\t\t\t\t\t\t\t\t\t\t\t\t<h3 class=\"mt-1 mb-2\">Il sistema alla base dell&#8217;OTO-ID<\/h3>\r\n\t\t\t\t\t\t\t\r\n\t\t\t\t\t\t\t\t\t\r\n\t\t\t\t\t\t\t\r\n\t\t\t\t\t\t\t\r\n\t\t\t\t\t\t\t\t\t\t\t\t\t\t<div class=\"box-text text-auszug\">\r\n\t\t\t\t\t\t\t\t<h6><p>Ogni appartamento collegato alla fibra ottica dispone di una presa OTO con un proprio codice identificativo, l&#8217;OTO-ID. Spieghiamo come viene generato l&#8217;OTO-ID e quali informazioni \u00e8 possibile ricavare dalle singole cifre.<\/p>\n<\/h6>\r\n\t\t\t\t\t\t\t<\/div>\r\n\t\t\t\t\t\t\t\t\t\t\t\t\t\t\r\n\t\t\t\t\t\t\t\t\r\n\t\t\t\t\t\t\t\r\n\t\t\t\t\t\t\t\t\t\t\t\r\n\t\t\t\t\t\t\t<\/a>\r\n\t\t\t\t\t\t<\/div>\r\n\r\n\t\t\t\t<\/div>\r\n\t\t\t\t\t\t\t\r\n\t\t\t\t\r\n\t\t\t\t\t\r\n\t\t\t<\/div>\t\r\n\t\t\t<\/div>\r\n\t  \r\n\t  \r\n\t\t\t\t\t\t\t  \r\n\t\t\t<div class=\"col-md box-col mb-3  mb-md-3 \" data-aos=\"res-fadeIn\">\r\n\t\t\t\t<div class=\"box-inner h-100 flatbox\">\r\n\t\t\t\t\t\r\n\t\t\t\t\r\n\t\t\r\n\t\t\t\t<div class=\"postBox text-left h-100 \">  \r\n\t\t\t\t\t\r\n\t\t\t\t\t\t\t\t\t\t\t<a href=\"https:\/\/blog.init7.net\/it\/ueberwachung-im-internet\/\" target=\"_parent\">\r\n\t\t\t\t\t\t<div class=\"postImg mb-1 overflow-hidden\">\r\n\t\t\t\t\t\t\t<img decoding=\"async\" class=\"img-fluid w-100 \" src=\"https:\/\/blog.init7.net\/wp-content\/uploads\/2022\/02\/spying-g1285315fb_640-1000x550.jpg\" alt=\"\" \/>\r\n\t\t\t\t\t\t<\/div>\r\n\t\t\t\t\t<\/a>\r\n\t\t\t\t\t\t  \t\t\t\t\t\t\t\t\t\t\r\n\t\t\t\t\t\t<div class=\"postContent w-100 pt-1 pt-md-1\">\r\n\t\t\t\t\t\t\t\t\t\t\t\t\t<div class=\"top_content\">\r\n\t\t\t\t\t\t\t<div class=\"the_date\">20 Giugno 2025<\/div>\r\n\t\t\t\t\t\t<\/div>\r\n\t\t\t\t\t\t\t<a href=\"https:\/\/blog.init7.net\/it\/ueberwachung-im-internet\/\" target=\"_parent\">\r\n\t\t\t\t\t\t\t\r\n\t\t\t\t\t\t\t\t\t\t\t\t\t\t\t<h3 class=\"mt-1 mb-2\">Sorveglianza su Internet: chi possono sorvegliare le autorit\u00e0 e quando?<\/h3>\r\n\t\t\t\t\t\t\t\r\n\t\t\t\t\t\t\t\t\t\r\n\t\t\t\t\t\t\t\r\n\t\t\t\t\t\t\t\r\n\t\t\t\t\t\t\t\t\t\t\t\t\t\t<div class=\"box-text text-auszug\">\r\n\t\t\t\t\t\t\t\t<h6><p>Le autorit\u00e0 di polizia possono monitorare le persone nell&#8217;ambito delle loro indagini. In questi casi, i provider di Internet devono fornire informazioni alle autorit\u00e0. Nel 2021 Init7 ha risposto a un totale di 80 richieste di questo tipo. E il numero \u00e8 in costante aumento.<\/p>\n<\/h6>\r\n\t\t\t\t\t\t\t<\/div>\r\n\t\t\t\t\t\t\t\t\t\t\t\t\t\t\r\n\t\t\t\t\t\t\t\t\r\n\t\t\t\t\t\t\t\r\n\t\t\t\t\t\t\t\t\t\t\t\r\n\t\t\t\t\t\t\t<\/a>\r\n\t\t\t\t\t\t<\/div>\r\n\r\n\t\t\t\t<\/div>\r\n\t\t\t\t\t\t\t\r\n\t\t\t\t\r\n\t\t\t\t\t\r\n\t\t\t<\/div>\t\r\n\t\t\t<\/div>\r\n\t  \r\n\t  \r\n\t\t\t\t\t\t\t  \r\n\t\t\t<div class=\"col-md box-col mb-3  mb-md-3 \" data-aos=\"res-fadeIn\">\r\n\t\t\t\t<div class=\"box-inner h-100 flatbox\">\r\n\t\t\t\t\t\r\n\t\t\t\t\r\n\t\t\r\n\t\t\t\t<div class=\"postBox text-left h-100 \">  \r\n\t\t\t\t\t\r\n\t\t\t\t\t\t\t\t\t\t\t<a href=\"https:\/\/blog.init7.net\/it\/quando-la-rete-wlan-perde-colpi\/\" target=\"_parent\">\r\n\t\t\t\t\t\t<div class=\"postImg mb-1 overflow-hidden\">\r\n\t\t\t\t\t\t\t<img decoding=\"async\" class=\"img-fluid w-100 \" src=\"https:\/\/blog.init7.net\/wp-content\/uploads\/2025\/04\/Wlna-1000x550.png\" alt=\"\" \/>\r\n\t\t\t\t\t\t<\/div>\r\n\t\t\t\t\t<\/a>\r\n\t\t\t\t\t\t  \t\t\t\t\t\t\t\t\t\t\r\n\t\t\t\t\t\t<div class=\"postContent w-100 pt-1 pt-md-1\">\r\n\t\t\t\t\t\t\t\t\t\t\t\t\t<div class=\"top_content\">\r\n\t\t\t\t\t\t\t<div class=\"the_date\">4 Aprile 2025<\/div>\r\n\t\t\t\t\t\t<\/div>\r\n\t\t\t\t\t\t\t<a href=\"https:\/\/blog.init7.net\/it\/quando-la-rete-wlan-perde-colpi\/\" target=\"_parent\">\r\n\t\t\t\t\t\t\t\r\n\t\t\t\t\t\t\t\t\t\t\t\t\t\t\t<h3 class=\"mt-1 mb-2\">Quando la rete WLAN perde colpi<\/h3>\r\n\t\t\t\t\t\t\t\r\n\t\t\t\t\t\t\t\t\t\r\n\t\t\t\t\t\t\t\r\n\t\t\t\t\t\t\t\r\n\t\t\t\t\t\t\t\t\t\t\t\t\t\t<div class=\"box-text text-auszug\">\r\n\t\t\t\t\t\t\t\t<h6><p>Per la maggior parte delle famiglie, il Wi-Fi \u00e8 il mezzo preferito per collegare i propri dispositivi a Internet. Il numero di dispositivi connessi a Internet in ogni famiglia aumenta inesorabilmente e con esso crescono anche le esigenze che ognuno di noi pone nei confronti del collegamento alla rete WLAN.<\/p>\n<\/h6>\r\n\t\t\t\t\t\t\t<\/div>\r\n\t\t\t\t\t\t\t\t\t\t\t\t\t\t\r\n\t\t\t\t\t\t\t\t\r\n\t\t\t\t\t\t\t\r\n\t\t\t\t\t\t\t\t\t\t\t\r\n\t\t\t\t\t\t\t<\/a>\r\n\t\t\t\t\t\t<\/div>\r\n\r\n\t\t\t\t<\/div>\r\n\t\t\t\t\t\t\t\r\n\t\t\t\t\r\n\t\t\t\t\t\r\n\t\t\t<\/div>\t\r\n\t\t\t<\/div>\r\n\t  \r\n\t  \r\n\t\t\t\t\t\t  \r\n\t  \r\n\t\t  \r\n\t\t  \r\n\t\t  \r\n\t\t  \t \r\n\r\n\r\n\t<\/div>\r\n<\/section>\r\n\r\n\n\n\r\n<section id=\"res-btn-block_5e6238f136f613193742a8115bcb4445\" class=\"res-block res-btn  pb-4\" style=\"background: transparent;\">\r\n  <div class=\"inner-container container-off\" >\r\n\r\n\t  \t\r\n\t  \r\n\t  \r\n\t\t<div class=\"d-inline-flex flex-column d-md-flex flex-md-row ausrichtung-btn justify-content-end\">\r\n\r\n\t\t\r\n\t\t\t<a class=\"btn  btn-sm btn-outline\" href=\"https:\/\/blog.init7.net\/it\/alle\/\" target=\"_self\">mostra tutti i post<\/a>\r\n\r\n\t\t\t\t\t\t\t<\/div>\r\n\t\r\n\t<\/div>\r\n<\/section>\r\n\r\n","protected":false},"excerpt":{"rendered":"","protected":false},"author":1,"featured_media":0,"parent":0,"menu_order":0,"comment_status":"closed","ping_status":"closed","template":"","meta":{"_acf_changed":false,"footnotes":""},"class_list":["post-3159","page","type-page","status-publish","hentry"],"acf":[],"_links":{"self":[{"href":"https:\/\/blog.init7.net\/it\/wp-json\/wp\/v2\/pages\/3159","targetHints":{"allow":["GET"]}}],"collection":[{"href":"https:\/\/blog.init7.net\/it\/wp-json\/wp\/v2\/pages"}],"about":[{"href":"https:\/\/blog.init7.net\/it\/wp-json\/wp\/v2\/types\/page"}],"author":[{"embeddable":true,"href":"https:\/\/blog.init7.net\/it\/wp-json\/wp\/v2\/users\/1"}],"replies":[{"embeddable":true,"href":"https:\/\/blog.init7.net\/it\/wp-json\/wp\/v2\/comments?post=3159"}],"version-history":[{"count":5,"href":"https:\/\/blog.init7.net\/it\/wp-json\/wp\/v2\/pages\/3159\/revisions"}],"predecessor-version":[{"id":3491,"href":"https:\/\/blog.init7.net\/it\/wp-json\/wp\/v2\/pages\/3159\/revisions\/3491"}],"wp:attachment":[{"href":"https:\/\/blog.init7.net\/it\/wp-json\/wp\/v2\/media?parent=3159"}],"curies":[{"name":"wp","href":"https:\/\/api.w.org\/{rel}","templated":true}]}}