{"id":3269,"date":"2021-09-20T11:23:48","date_gmt":"2021-09-20T09:23:48","guid":{"rendered":"https:\/\/blog.init7.net\/glossar\/"},"modified":"2021-09-20T11:23:48","modified_gmt":"2021-09-20T09:23:48","slug":"glossar","status":"publish","type":"page","link":"https:\/\/blog.init7.net\/fr\/glossar\/","title":{"rendered":"Glossar"},"content":{"rendered":"\n<p><\/p>\n\n\n<div class=\"cm-glossary\"><div class=\"glossary-container \"><input type=\"hidden\" class=\"cmtt-attribute-field\" name=\"glossary_index_style\" value=\"classic\">        <div class=\"progress-indicator\" style=\"display:none\">\r\n                            <img decoding=\"async\" src=\"https:\/\/blog.init7.net\/wp-content\/plugins\/TooltipProPlus\/assets\/css\/images\/ajax-loader.gif\" alt=\"AJAX progress indicator\"\/>\r\n                    <\/div>\r\n\t\t<div class=\"glossary_top_filter\">\r\n\t\t\t<div class=\"left\">\r\n\t\t\t\t\t\t\t\t\t\t<div class=\"cmtt_help glossary-search-helpitem\"\r\n\t\t\t\t\t\t     data-cmtooltip=\"Die Suche gibt die Teilsuche f\u00fcr die angegebene Abfrage sowohl aus dem Begriffstitel als auch aus der Beschreibung zur\u00fcck. Daher werden die Ergebnisse auch dann zur\u00fcckgegeben, wenn die angegebene Abfrage Teil des Wortes in der Beschreibung ist.\"><\/div>\r\n\t\t\t\t\t\t\t\t\t\t<span class=\"glossary-search-label\">Suchen:<\/span>\r\n\t\t\t\t\t<div class=\"glossary-search-wrapper\">\r\n\t\t\t\t\t\t\t\t\t\t\t\t<input value=\"\"\r\n\t\t\t\t\t\t       placeholder=\"\"\r\n\t\t\t\t\t\t       class=\"glossary-search-term \" name=\"glossary-search-term\"\r\n\t\t\t\t\t\t       id=\"glossary-search-term\"\r\n                               aria-label=\"suchen\"\/>\r\n\t\t\t\t\t\t<button type=\"submit\" id=\"glossary-search\"\r\n\t\t\t\t\t\t        class=\"glossary-search button\">suchen<\/button>\r\n\t\t\t\t\t<\/div>\r\n\t\t\t\t\t<a class=\"glossary-search-clear\" title=\"Clear the input\"\r\n\t\t\t\t\t   href=\"\">\r\n\t\t\t\t\t\tzur\u00fccksetzen\t\t\t\t\t<\/a>\r\n\t\t\t\t\t\t\t\t<\/div>\r\n\t\t\t\t\t<\/div>\r\n\r\n\t\t<input type=\"hidden\" class=\"cmtt-attribute-field\" name=\"disable_listnav\"\r\n\t\t       value=\"0\"\/>\r\n\t\t<input type=\"hidden\" class=\"cmtt-attribute-field\" name=\"exact_search\"\r\n\t\t       value=\"0\"\/>\r\n\t\t<input type=\"hidden\" class=\"cmtt-attribute-field\" name=\"show_search\"\r\n\t\t       value=\"1\"\/>\r\n\t\t<input type=\"hidden\" class=\"glossary-hide-terms\" name=\"glossary-hide-terms\"\r\n\t\t       value=\"0\"\/>\r\n\t\t<input type=\"hidden\" class=\"glossary-hide-categories\" name=\"glossary-hide-categories\"\r\n\t\t       value=\"0\"\/>\r\n\t\t<input type=\"hidden\" class=\"glossary-hide-abbrevs\" name=\"glossary-hide-abbrevs\"\r\n\t\t       value=\"0\"\/>\r\n\t\t<input type=\"hidden\" class=\"glossary-hide-synonyms\" name=\"glossary-hide-synonyms\"\r\n\t\t       value=\"0\"\/>\r\n\t\t<input type=\"hidden\" class=\"glossary-perpage\" name=\"glossary-perpage\"\r\n\t\t       value=\"0\"\/>\r\n\t\t<input type=\"hidden\" name=\"tooltip_language\"\r\n\t\t       value=\"\"\/>\r\n\t\t<input type=\"hidden\" name=\"language_dropdown\"\r\n\t\t       value=\"\"\/>\r\n\t\t<input type=\"hidden\" name=\"languages_for_table\"\r\n\t\t       value=\"\"\/>\r\n\t\t<div id=\"glossaryList-nav\" class=\"listNav small\" role=\"tablist\"><\/div><span class=\"error\">Nichts gefunden. Bitte \u00e4ndern Sie die Filter.<\/span><\/div><\/div>","protected":false},"excerpt":{"rendered":"","protected":false},"author":1,"featured_media":0,"parent":0,"menu_order":0,"comment_status":"closed","ping_status":"closed","template":"","meta":{"_acf_changed":false,"footnotes":""},"class_list":["post-3269","page","type-page","status-publish","hentry"],"acf":[],"_links":{"self":[{"href":"https:\/\/blog.init7.net\/fr\/wp-json\/wp\/v2\/pages\/3269","targetHints":{"allow":["GET"]}}],"collection":[{"href":"https:\/\/blog.init7.net\/fr\/wp-json\/wp\/v2\/pages"}],"about":[{"href":"https:\/\/blog.init7.net\/fr\/wp-json\/wp\/v2\/types\/page"}],"author":[{"embeddable":true,"href":"https:\/\/blog.init7.net\/fr\/wp-json\/wp\/v2\/users\/1"}],"replies":[{"embeddable":true,"href":"https:\/\/blog.init7.net\/fr\/wp-json\/wp\/v2\/comments?post=3269"}],"version-history":[{"count":0,"href":"https:\/\/blog.init7.net\/fr\/wp-json\/wp\/v2\/pages\/3269\/revisions"}],"wp:attachment":[{"href":"https:\/\/blog.init7.net\/fr\/wp-json\/wp\/v2\/media?parent=3269"}],"curies":[{"name":"wp","href":"https:\/\/api.w.org\/{rel}","templated":true}]}}